{"id":1930,"date":"2025-06-10T08:52:07","date_gmt":"2025-06-10T08:52:07","guid":{"rendered":"https:\/\/impextecnichelineari.com\/?page_id=1930"},"modified":"2025-06-10T09:24:24","modified_gmt":"2025-06-10T09:24:24","slug":"privacy-policy","status":"publish","type":"page","link":"https:\/\/impextecnichelineari.com\/fr\/privacy-policy\/","title":{"rendered":"Privacy Policy"},"content":{"rendered":"\n<h2 class=\"wp-block-heading\">Qui sommes-nous<\/h2>\n\n<p class=\"wp-block-paragraph\">L&rsquo;adresse de notre site web est : <a href=\"https:\/\/impextecnichelineari.com\/\">https:\/\/impextecnichelineari.com\/<\/a><\/p>\n\n<h2 class=\"wp-block-heading\">Quelles donn\u00e9es personnelles nous collectons et pourquoi nous les collectons<\/h2>\n\n<h3 class=\"wp-block-heading\">Commentaires<\/h3>\n\n<p class=\"wp-block-paragraph\">Lorsque les visiteurs laissent des commentaires sur le site, nous collectons les donn\u00e9es affich\u00e9es dans le formulaire de commentaires, ainsi que l&rsquo;adresse IP du visiteur et la cha\u00eene d&rsquo;agent utilisateur du navigateur pour faciliter la d\u00e9tection du spam.<\/p>\n\n<p class=\"wp-block-paragraph\">Une cha\u00eene anonymis\u00e9e cr\u00e9\u00e9e \u00e0 partir de votre adresse e-mail (\u00e9galement appel\u00e9e hash) peut \u00eatre fournie au service Gravatar pour voir si vous l&rsquo;utilisez. La politique de confidentialit\u00e9 du service Gravatar est disponible ici : <a href=\"https:\/\/automattic.com\/privacy\/\" rel=\"nofollow\">https:\/\/automattic.com\/privacy\/<\/a>. Apr\u00e8s l&rsquo;approbation de votre commentaire, votre photo de profil est visible par le public dans le contexte de votre commentaire.<\/p>\n\n<h3 class=\"wp-block-heading\">Media<\/h3>\n\n<p class=\"wp-block-paragraph\">Si vous t\u00e9l\u00e9chargez des images sur le site web, vous devriez \u00e9viter de t\u00e9l\u00e9charger des images avec des donn\u00e9es de localisation int\u00e9gr\u00e9es (EXIF GPS). Les visiteurs du site web peuvent t\u00e9l\u00e9charger et extraire toutes les donn\u00e9es de localisation des images sur le site web.<\/p>\n\n<h3 class=\"wp-block-heading\">Formulaire de contact<\/h3>\n\n<h3 class=\"wp-block-heading\">Cookies<\/h3>\n\n<p class=\"wp-block-paragraph\">Si vous laissez un commentaire sur notre site, vous pouvez choisir d&rsquo;enregistrer votre nom, votre adresse e-mail et votre site web dans des cookies. Ils sont utilis\u00e9s pour votre commodit\u00e9 afin que vous n&rsquo;ayez pas \u00e0 saisir \u00e0 nouveau vos informations lorsque vous laissez un autre commentaire. Ces cookies dureront un an.<\/p>\n\n<p class=\"wp-block-paragraph\">Si vous avez un compte et que vous vous connectez \u00e0 ce site, nous d\u00e9finirons un cookie temporaire pour d\u00e9terminer si votre navigateur accepte les cookies. Ce cookie ne contient aucune donn\u00e9e personnelle et est supprim\u00e9 lorsque vous fermez votre navigateur.<\/p>\n\n<p class=\"wp-block-paragraph\">Lorsque vous vous connectez, nous d\u00e9finirons \u00e9galement plusieurs cookies pour enregistrer vos informations de connexion et vos choix d&rsquo;affichage d&rsquo;\u00e9cran. Les cookies de connexion durent deux jours et les cookies d&rsquo;options d&rsquo;\u00e9cran durent un an. Si vous s\u00e9lectionnez \u00ab\u00a0Se souvenir de moi\u00a0\u00bb, votre connexion persistera pendant deux semaines. Si vous vous d\u00e9connectez de votre compte, les cookies de connexion seront supprim\u00e9s.<\/p>\n\n<p class=\"wp-block-paragraph\">Si vous modifiez ou publiez un article, un cookie suppl\u00e9mentaire sera enregistr\u00e9 dans votre navigateur. Ce cookie ne contient aucune donn\u00e9e personnelle et indique simplement l&rsquo;ID de l&rsquo;article que vous venez de modifier. Il expire apr\u00e8s 1 jour.<\/p>\n\n<h3 class=\"wp-block-heading\">Contenu int\u00e9gr\u00e9 depuis d&rsquo;autres sites web<\/h3>\n\n<p class=\"wp-block-paragraph\">Les articles sur ce site peuvent inclure du contenu int\u00e9gr\u00e9 (par exemple des vid\u00e9os, des images, des articles, etc.). Le contenu int\u00e9gr\u00e9 depuis d&rsquo;autres sites web se comporte exactement de la m\u00eame mani\u00e8re que si le visiteur avait visit\u00e9 l&rsquo;autre site web.<\/p>\n\n<p class=\"wp-block-paragraph\">Ces sites web peuvent collecter des donn\u00e9es vous concernant, utiliser des cookies, int\u00e9grer un suivi tiers suppl\u00e9mentaire et surveiller votre interaction avec ce contenu int\u00e9gr\u00e9, y compris le suivi de votre interaction avec le contenu int\u00e9gr\u00e9 si vous avez un compte et \u00eates connect\u00e9 \u00e0 ces sites web.<\/p>\n\n<h3 class=\"wp-block-heading\">Analytics<\/h3>\n\n<h2 class=\"wp-block-heading\">Avec qui nous partageons vos donn\u00e9es<\/h2>\n\n<h2 class=\"wp-block-heading\">Combien de temps nous conservons vos donn\u00e9es<\/h2>\n\n<p class=\"wp-block-paragraph\">Si vous laissez un commentaire, le commentaire et ses m\u00e9tadonn\u00e9es sont conserv\u00e9s ind\u00e9finiment. C&rsquo;est ainsi que nous pouvons reconna\u00eetre et approuver automatiquement les commentaires suivants au lieu de les maintenir dans une file d&rsquo;attente de mod\u00e9ration.<\/p>\n\n<p class=\"wp-block-paragraph\">Pour les utilisateurs qui s&rsquo;inscrivent sur notre site web (le cas \u00e9ch\u00e9ant), nous stockons \u00e9galement les informations personnelles qu&rsquo;ils fournissent dans leur profil utilisateur. Tous les utilisateurs peuvent voir, modifier ou supprimer leurs informations personnelles \u00e0 tout moment (sauf leur nom d&rsquo;utilisateur qu&rsquo;ils ne peuvent pas changer). Les administrateurs du site web peuvent \u00e9galement voir et modifier ces informations.<\/p>\n\n<h2 class=\"wp-block-heading\">Quels droits vous avez sur vos donn\u00e9es<\/h2>\n\n<p class=\"wp-block-paragraph\">Si vous avez un compte sur ce site ou si vous avez laiss\u00e9 des commentaires, vous pouvez demander \u00e0 recevoir un fichier export\u00e9 du site contenant les donn\u00e9es personnelles que nous d\u00e9tenons \u00e0 votre sujet, y compris les donn\u00e9es que vous nous avez fournies. Vous pouvez \u00e9galement demander que nous effacions toutes les donn\u00e9es personnelles que nous d\u00e9tenons vous concernant. Cela ne comprend pas les donn\u00e9es que nous sommes oblig\u00e9s de conserver \u00e0 des fins administratives, l\u00e9gales ou de s\u00e9curit\u00e9.<\/p>\n\n<h2 class=\"wp-block-heading\">O\u00f9 nous envoyons vos donn\u00e9es<\/h2>\n\n<p class=\"wp-block-paragraph\">Les commentaires des visiteurs peuvent \u00eatre v\u00e9rifi\u00e9s par un service automatis\u00e9 de d\u00e9tection du spam.<\/p>\n","protected":false},"excerpt":{"rendered":"<p>Qui sommes-nous L&rsquo;adresse de notre site web est : <a href=\"https:\/\/impextecnichelineari.com\/\">https:\/\/impextecnichelineari.com\/<\/a> Quelles donn\u00e9es personnelles nous collectons et pourquoi nous les collectons Commentaires Lorsque les visiteurs laissent des commentaires sur le site, nous collectons les donn\u00e9es affich\u00e9es dans le formulaire de commentaires, ainsi que l&rsquo;adresse IP du visiteur et la cha\u00eene d&rsquo;agent utilisateur du navigateur pour faciliter [&hellip;]<\/p>\n","protected":false},"author":1,"featured_media":0,"parent":0,"menu_order":0,"comment_status":"closed","ping_status":"open","template":"","meta":{"_acf_changed":false,"_crdt_document":"","inline_featured_image":false,"footnotes":""},"page_category":[],"class_list":["post-1930","page","type-page","status-publish","hentry"],"acf":[],"yoast_head":"<!-- This site is optimized with the Yoast SEO plugin v27.3 - https:\/\/yoast.com\/product\/yoast-seo-wordpress\/ -->\n<title>Privacy Policy - IMPEX TECNICHE LINEARI S.R.L. - Movitec<\/title>\n<meta name=\"robots\" content=\"index, follow, max-snippet:-1, max-image-preview:large, max-video-preview:-1\" \/>\n<link rel=\"canonical\" href=\"https:\/\/impextecnichelineari.com\/fr\/privacy-policy\/\" \/>\n<meta property=\"og:locale\" content=\"fr_FR\" \/>\n<meta property=\"og:type\" content=\"article\" \/>\n<meta property=\"og:title\" content=\"Privacy Policy - IMPEX TECNICHE LINEARI S.R.L. - Movitec\" \/>\n<meta property=\"og:description\" content=\"Qui sommes-nous L&rsquo;adresse de notre site web est : https:\/\/impextecnichelineari.com\/ Quelles donn\u00e9es personnelles nous collectons et pourquoi nous les collectons Commentaires Lorsque les visiteurs laissent des commentaires sur le site, nous collectons les donn\u00e9es affich\u00e9es dans le formulaire de commentaires, ainsi que l&rsquo;adresse IP du visiteur et la cha\u00eene d&rsquo;agent utilisateur du navigateur pour faciliter [&hellip;]\" \/>\n<meta property=\"og:url\" content=\"https:\/\/impextecnichelineari.com\/fr\/privacy-policy\/\" \/>\n<meta property=\"og:site_name\" content=\"IMPEX TECNICHE LINEARI S.R.L. - Movitec\" \/>\n<meta property=\"article:publisher\" content=\"https:\/\/www.facebook.com\/impextecnichelineari\/\" \/>\n<meta property=\"article:modified_time\" content=\"2025-06-10T09:24:24+00:00\" \/>\n<meta name=\"twitter:card\" content=\"summary_large_image\" \/>\n<meta name=\"twitter:label1\" content=\"Dur\u00e9e de lecture estim\u00e9e\" \/>\n\t<meta name=\"twitter:data1\" content=\"4 minutes\" \/>\n<script type=\"application\/ld+json\" class=\"yoast-schema-graph\">{\"@context\":\"https:\\\/\\\/schema.org\",\"@graph\":[{\"@type\":\"WebPage\",\"@id\":\"https:\\\/\\\/impextecnichelineari.com\\\/fr\\\/privacy-policy\\\/\",\"url\":\"https:\\\/\\\/impextecnichelineari.com\\\/fr\\\/privacy-policy\\\/\",\"name\":\"Privacy Policy - IMPEX TECNICHE LINEARI S.R.L. - Movitec\",\"isPartOf\":{\"@id\":\"https:\\\/\\\/impextecnichelineari.com\\\/fr\\\/#website\"},\"datePublished\":\"2025-06-10T08:52:07+00:00\",\"dateModified\":\"2025-06-10T09:24:24+00:00\",\"breadcrumb\":{\"@id\":\"https:\\\/\\\/impextecnichelineari.com\\\/fr\\\/privacy-policy\\\/#breadcrumb\"},\"inLanguage\":\"fr-FR\",\"potentialAction\":[{\"@type\":\"ReadAction\",\"target\":[\"https:\\\/\\\/impextecnichelineari.com\\\/fr\\\/privacy-policy\\\/\"]}]},{\"@type\":\"BreadcrumbList\",\"@id\":\"https:\\\/\\\/impextecnichelineari.com\\\/fr\\\/privacy-policy\\\/#breadcrumb\",\"itemListElement\":[{\"@type\":\"ListItem\",\"position\":1,\"name\":\"Home\",\"item\":\"https:\\\/\\\/impextecnichelineari.com\\\/fr\\\/\"},{\"@type\":\"ListItem\",\"position\":2,\"name\":\"Privacy Policy\"}]},{\"@type\":\"WebSite\",\"@id\":\"https:\\\/\\\/impextecnichelineari.com\\\/fr\\\/#website\",\"url\":\"https:\\\/\\\/impextecnichelineari.com\\\/fr\\\/\",\"name\":\"IMPEX TECNICHE LINEARI S.R.L. - Movitec\",\"description\":\"Moving Solutions\",\"publisher\":{\"@id\":\"https:\\\/\\\/impextecnichelineari.com\\\/fr\\\/#organization\"},\"potentialAction\":[{\"@type\":\"SearchAction\",\"target\":{\"@type\":\"EntryPoint\",\"urlTemplate\":\"https:\\\/\\\/impextecnichelineari.com\\\/fr\\\/?s={search_term_string}\"},\"query-input\":{\"@type\":\"PropertyValueSpecification\",\"valueRequired\":true,\"valueName\":\"search_term_string\"}}],\"inLanguage\":\"fr-FR\"},{\"@type\":\"Organization\",\"@id\":\"https:\\\/\\\/impextecnichelineari.com\\\/fr\\\/#organization\",\"name\":\"IMPEX TECNICHE LINEARI S.R.L. - Movitec\",\"url\":\"https:\\\/\\\/impextecnichelineari.com\\\/fr\\\/\",\"logo\":{\"@type\":\"ImageObject\",\"inLanguage\":\"fr-FR\",\"@id\":\"https:\\\/\\\/impextecnichelineari.com\\\/fr\\\/#\\\/schema\\\/logo\\\/image\\\/\",\"url\":\"https:\\\/\\\/impextecnichelineari.com\\\/wp-content\\\/uploads\\\/IMPEX-MOVITEC-logo-2025.svg\",\"contentUrl\":\"https:\\\/\\\/impextecnichelineari.com\\\/wp-content\\\/uploads\\\/IMPEX-MOVITEC-logo-2025.svg\",\"caption\":\"IMPEX TECNICHE LINEARI S.R.L. - Movitec\"},\"image\":{\"@id\":\"https:\\\/\\\/impextecnichelineari.com\\\/fr\\\/#\\\/schema\\\/logo\\\/image\\\/\"},\"sameAs\":[\"https:\\\/\\\/www.facebook.com\\\/impextecnichelineari\\\/\",\"https:\\\/\\\/www.linkedin.com\\\/company\\\/impex-tecniche-lineari-s.r.l.\\\/\"]}]}<\/script>\n<!-- \/ Yoast SEO plugin. -->","yoast_head_json":{"title":"Privacy Policy - IMPEX TECNICHE LINEARI S.R.L. - Movitec","robots":{"index":"index","follow":"follow","max-snippet":"max-snippet:-1","max-image-preview":"max-image-preview:large","max-video-preview":"max-video-preview:-1"},"canonical":"https:\/\/impextecnichelineari.com\/fr\/privacy-policy\/","og_locale":"fr_FR","og_type":"article","og_title":"Privacy Policy - IMPEX TECNICHE LINEARI S.R.L. - Movitec","og_description":"Qui sommes-nous L&rsquo;adresse de notre site web est : https:\/\/impextecnichelineari.com\/ Quelles donn\u00e9es personnelles nous collectons et pourquoi nous les collectons Commentaires Lorsque les visiteurs laissent des commentaires sur le site, nous collectons les donn\u00e9es affich\u00e9es dans le formulaire de commentaires, ainsi que l&rsquo;adresse IP du visiteur et la cha\u00eene d&rsquo;agent utilisateur du navigateur pour faciliter [&hellip;]","og_url":"https:\/\/impextecnichelineari.com\/fr\/privacy-policy\/","og_site_name":"IMPEX TECNICHE LINEARI S.R.L. - Movitec","article_publisher":"https:\/\/www.facebook.com\/impextecnichelineari\/","article_modified_time":"2025-06-10T09:24:24+00:00","twitter_card":"summary_large_image","twitter_misc":{"Dur\u00e9e de lecture estim\u00e9e":"4 minutes"},"schema":{"@context":"https:\/\/schema.org","@graph":[{"@type":"WebPage","@id":"https:\/\/impextecnichelineari.com\/fr\/privacy-policy\/","url":"https:\/\/impextecnichelineari.com\/fr\/privacy-policy\/","name":"Privacy Policy - IMPEX TECNICHE LINEARI S.R.L. - Movitec","isPartOf":{"@id":"https:\/\/impextecnichelineari.com\/fr\/#website"},"datePublished":"2025-06-10T08:52:07+00:00","dateModified":"2025-06-10T09:24:24+00:00","breadcrumb":{"@id":"https:\/\/impextecnichelineari.com\/fr\/privacy-policy\/#breadcrumb"},"inLanguage":"fr-FR","potentialAction":[{"@type":"ReadAction","target":["https:\/\/impextecnichelineari.com\/fr\/privacy-policy\/"]}]},{"@type":"BreadcrumbList","@id":"https:\/\/impextecnichelineari.com\/fr\/privacy-policy\/#breadcrumb","itemListElement":[{"@type":"ListItem","position":1,"name":"Home","item":"https:\/\/impextecnichelineari.com\/fr\/"},{"@type":"ListItem","position":2,"name":"Privacy Policy"}]},{"@type":"WebSite","@id":"https:\/\/impextecnichelineari.com\/fr\/#website","url":"https:\/\/impextecnichelineari.com\/fr\/","name":"IMPEX TECNICHE LINEARI S.R.L. - Movitec","description":"Moving Solutions","publisher":{"@id":"https:\/\/impextecnichelineari.com\/fr\/#organization"},"potentialAction":[{"@type":"SearchAction","target":{"@type":"EntryPoint","urlTemplate":"https:\/\/impextecnichelineari.com\/fr\/?s={search_term_string}"},"query-input":{"@type":"PropertyValueSpecification","valueRequired":true,"valueName":"search_term_string"}}],"inLanguage":"fr-FR"},{"@type":"Organization","@id":"https:\/\/impextecnichelineari.com\/fr\/#organization","name":"IMPEX TECNICHE LINEARI S.R.L. - Movitec","url":"https:\/\/impextecnichelineari.com\/fr\/","logo":{"@type":"ImageObject","inLanguage":"fr-FR","@id":"https:\/\/impextecnichelineari.com\/fr\/#\/schema\/logo\/image\/","url":"https:\/\/impextecnichelineari.com\/wp-content\/uploads\/IMPEX-MOVITEC-logo-2025.svg","contentUrl":"https:\/\/impextecnichelineari.com\/wp-content\/uploads\/IMPEX-MOVITEC-logo-2025.svg","caption":"IMPEX TECNICHE LINEARI S.R.L. - Movitec"},"image":{"@id":"https:\/\/impextecnichelineari.com\/fr\/#\/schema\/logo\/image\/"},"sameAs":["https:\/\/www.facebook.com\/impextecnichelineari\/","https:\/\/www.linkedin.com\/company\/impex-tecniche-lineari-s.r.l.\/"]}]}},"jetpack_likes_enabled":true,"jetpack_sharing_enabled":true,"jetpack_shortlink":"https:\/\/wp.me\/PgrxH6-v8","jetpack-related-posts":[{"id":1910,"url":"https:\/\/impextecnichelineari.com\/fr\/agence\/","url_meta":{"origin":1930,"position":0},"title":"Entreprise","author":"admin","date":"15 octobre 2024","format":false,"excerpt":"Impex Tecniche Lineari s.r.l., fond\u00e9e en 1986 pour la vente de composants m\u00e9caniques, est la premi\u00e8re entreprise en Italie \u00e0 avoir d\u00e9velopp\u00e9 et produit des Tables Lin\u00e9aires et des Syst\u00e8mes Lin\u00e9aires identifi\u00e9s par la marque Movitec\u00ae. NOUS REGARDONSVERS L'AVENIRDEPUIS 1986 D'une id\u00e9e et de la d\u00e9termination d'Alvaro Torba, en 1986\u2026","rel":"","context":"Article similaire","block_context":{"text":"Article similaire","link":""},"img":{"alt_text":"","src":"https:\/\/i0.wp.com\/impextecnichelineari.com\/wp-content\/uploads\/heading-impex-azienda.jpg?fit=1200%2C1200&ssl=1&resize=350%2C200","width":350,"height":200,"srcset":"https:\/\/i0.wp.com\/impextecnichelineari.com\/wp-content\/uploads\/heading-impex-azienda.jpg?fit=1200%2C1200&ssl=1&resize=350%2C200 1x, https:\/\/i0.wp.com\/impextecnichelineari.com\/wp-content\/uploads\/heading-impex-azienda.jpg?fit=1200%2C1200&ssl=1&resize=525%2C300 1.5x, https:\/\/i0.wp.com\/impextecnichelineari.com\/wp-content\/uploads\/heading-impex-azienda.jpg?fit=1200%2C1200&ssl=1&resize=700%2C400 2x, https:\/\/i0.wp.com\/impextecnichelineari.com\/wp-content\/uploads\/heading-impex-azienda.jpg?fit=1200%2C1200&ssl=1&resize=1050%2C600 3x"},"classes":[]},{"id":1868,"url":"https:\/\/impextecnichelineari.com\/fr\/","url_meta":{"origin":1930,"position":1},"title":"Accueil","author":"admin","date":"15 octobre 2024","format":false,"excerpt":"Syst\u00e8mes Lin\u00e9aires Con\u00e7us et r\u00e9alis\u00e9s pour r\u00e9pondre \u00e0 la demande la plus large du march\u00e9 dans le secteur du mouvement contr\u00f4l\u00e9. L'adaptabilit\u00e9 des syst\u00e8mes lin\u00e9aires MOVITEC et le large choix de transmissions, de guidages, de protections et d'entra\u00eenements permettent une int\u00e9gration facile dans des machines existantes ou nouvellement con\u00e7ues. Aller\u2026","rel":"","context":"Article similaire","block_context":{"text":"Article similaire","link":""},"img":{"alt_text":"","src":"https:\/\/i0.wp.com\/impextecnichelineari.com\/wp-content\/uploads\/AdobeStock_714230276-scaled.jpeg?fit=1200%2C673&ssl=1&resize=350%2C200","width":350,"height":200,"srcset":"https:\/\/i0.wp.com\/impextecnichelineari.com\/wp-content\/uploads\/AdobeStock_714230276-scaled.jpeg?fit=1200%2C673&ssl=1&resize=350%2C200 1x, https:\/\/i0.wp.com\/impextecnichelineari.com\/wp-content\/uploads\/AdobeStock_714230276-scaled.jpeg?fit=1200%2C673&ssl=1&resize=525%2C300 1.5x, https:\/\/i0.wp.com\/impextecnichelineari.com\/wp-content\/uploads\/AdobeStock_714230276-scaled.jpeg?fit=1200%2C673&ssl=1&resize=700%2C400 2x, https:\/\/i0.wp.com\/impextecnichelineari.com\/wp-content\/uploads\/AdobeStock_714230276-scaled.jpeg?fit=1200%2C673&ssl=1&resize=1050%2C600 3x"},"classes":[]},{"id":1882,"url":"https:\/\/impextecnichelineari.com\/fr\/composants\/middex-electronix\/","url_meta":{"origin":1930,"position":2},"title":"Middex Electronix","author":"admin","date":"14 f\u00e9vrier 2025","format":false,"excerpt":"Contr\u00f4le des Ruptures d'Outils Les syst\u00e8mes MIDDEX de surveillance des outils garantissent la meilleure qualit\u00e9 possible de vos produits \u00e0 long terme. Des outils fonctionnels sont un pr\u00e9requis pour un traitement optimal des mat\u00e9riaux. Les dispositifs MIDDEX pour le contr\u00f4le de la rupture des outils garantissent la meilleure qualit\u00e9 possible\u2026","rel":"","context":"Article similaire","block_context":{"text":"Article similaire","link":""},"img":{"alt_text":"","src":"https:\/\/i0.wp.com\/impextecnichelineari.com\/wp-content\/uploads\/Step_special.jpg?resize=350%2C200&ssl=1","width":350,"height":200},"classes":[]},{"id":1877,"url":"https:\/\/impextecnichelineari.com\/fr\/services\/","url_meta":{"origin":1930,"position":3},"title":"Services","author":"admin","date":"15 octobre 2024","format":false,"excerpt":"Gr\u00e2ce \u00e0 notre Service Client qui met en place une organisation apr\u00e8s-vente compl\u00e8te et d\u00e9taill\u00e9e, nous parvenons \u00e0 maintenir une relation \u00e9troite avec le client dans le temps. Demander de l'aide Consci de jouer un r\u00f4le important dans la croissance technologique de l'activit\u00e9 de nos clients, notre t\u00e2che ne se\u2026","rel":"","context":"Article similaire","block_context":{"text":"Article similaire","link":""},"img":{"alt_text":"","src":"https:\/\/i0.wp.com\/impextecnichelineari.com\/wp-content\/uploads\/AdobeStock_966036331-scaled.jpeg?fit=1200%2C686&ssl=1&resize=350%2C200","width":350,"height":200,"srcset":"https:\/\/i0.wp.com\/impextecnichelineari.com\/wp-content\/uploads\/AdobeStock_966036331-scaled.jpeg?fit=1200%2C686&ssl=1&resize=350%2C200 1x, https:\/\/i0.wp.com\/impextecnichelineari.com\/wp-content\/uploads\/AdobeStock_966036331-scaled.jpeg?fit=1200%2C686&ssl=1&resize=525%2C300 1.5x, https:\/\/i0.wp.com\/impextecnichelineari.com\/wp-content\/uploads\/AdobeStock_966036331-scaled.jpeg?fit=1200%2C686&ssl=1&resize=700%2C400 2x, https:\/\/i0.wp.com\/impextecnichelineari.com\/wp-content\/uploads\/AdobeStock_966036331-scaled.jpeg?fit=1200%2C686&ssl=1&resize=1050%2C600 3x"},"classes":[]},{"id":1975,"url":"https:\/\/impextecnichelineari.com\/fr\/composants\/eichenberger-gewinde\/","url_meta":{"origin":1930,"position":4},"title":"Eichenberger Gewinde","author":"admin","date":"14 f\u00e9vrier 2025","format":false,"excerpt":"Vis \u00e0 billes et vis \u00e0 pas long SITE WEB: Eichenberger Gewinde Vis \u00e0 billes Carry Les vis \u00e0 billes Carry sont fabriqu\u00e9es par un processus de laminage \u00e0 froid qui garantit la m\u00eame pr\u00e9cision que les vis rectifi\u00e9es. Des \u00e9crous simples ou sp\u00e9ciaux sont disponibles sur demande du client.\u2026","rel":"","context":"Article similaire","block_context":{"text":"Article similaire","link":""},"img":{"alt_text":"","src":"https:\/\/i0.wp.com\/impextecnichelineari.com\/wp-content\/uploads\/Chiocciola-flangiata-FB-FA-grande.jpg?resize=350%2C200&ssl=1","width":350,"height":200},"classes":[]},{"id":1963,"url":"https:\/\/impextecnichelineari.com\/fr\/composants\/rollvis-swiss\/","url_meta":{"origin":1930,"position":5},"title":"Rollvis Swiss","author":"admin","date":"14 f\u00e9vrier 2025","format":false,"excerpt":"Vis \u00e0 billes satellites Les vis \u00e0 billes satellites ROLLVIS sont utilis\u00e9es pour convertir les mouvements rotatifs en mouvements lin\u00e9aires et vice versa. Les \u00e9l\u00e9ments de roulement sont des rouleaux filet\u00e9s entre la vis et l'\u00e9crou. Le nombre \u00e9lev\u00e9 de points de contact permet aux vis \u00e0 billes satellites de\u2026","rel":"","context":"Article similaire","block_context":{"text":"Article similaire","link":""},"img":{"alt_text":"","src":"https:\/\/i0.wp.com\/impextecnichelineari.com\/wp-content\/uploads\/viti-a-rulli-inverse-RVI-grande.jpg?resize=350%2C200&ssl=1","width":350,"height":200,"srcset":"https:\/\/i0.wp.com\/impextecnichelineari.com\/wp-content\/uploads\/viti-a-rulli-inverse-RVI-grande.jpg?resize=350%2C200&ssl=1 1x, https:\/\/i0.wp.com\/impextecnichelineari.com\/wp-content\/uploads\/viti-a-rulli-inverse-RVI-grande.jpg?resize=525%2C300&ssl=1 1.5x, https:\/\/i0.wp.com\/impextecnichelineari.com\/wp-content\/uploads\/viti-a-rulli-inverse-RVI-grande.jpg?resize=700%2C400&ssl=1 2x, https:\/\/i0.wp.com\/impextecnichelineari.com\/wp-content\/uploads\/viti-a-rulli-inverse-RVI-grande.jpg?resize=1050%2C600&ssl=1 3x"},"classes":[]}],"_links":{"self":[{"href":"https:\/\/impextecnichelineari.com\/fr\/wp-json\/wp\/v2\/pages\/1930","targetHints":{"allow":["GET"]}}],"collection":[{"href":"https:\/\/impextecnichelineari.com\/fr\/wp-json\/wp\/v2\/pages"}],"about":[{"href":"https:\/\/impextecnichelineari.com\/fr\/wp-json\/wp\/v2\/types\/page"}],"author":[{"embeddable":true,"href":"https:\/\/impextecnichelineari.com\/fr\/wp-json\/wp\/v2\/users\/1"}],"replies":[{"embeddable":true,"href":"https:\/\/impextecnichelineari.com\/fr\/wp-json\/wp\/v2\/comments?post=1930"}],"version-history":[{"count":2,"href":"https:\/\/impextecnichelineari.com\/fr\/wp-json\/wp\/v2\/pages\/1930\/revisions"}],"predecessor-version":[{"id":2948,"href":"https:\/\/impextecnichelineari.com\/fr\/wp-json\/wp\/v2\/pages\/1930\/revisions\/2948"}],"wp:attachment":[{"href":"https:\/\/impextecnichelineari.com\/fr\/wp-json\/wp\/v2\/media?parent=1930"}],"wp:term":[{"taxonomy":"page_category","embeddable":true,"href":"https:\/\/impextecnichelineari.com\/fr\/wp-json\/wp\/v2\/page_category?post=1930"}],"curies":[{"name":"wp","href":"https:\/\/api.w.org\/{rel}","templated":true}]}}